{"id":2083,"date":"2015-07-02T15:44:51","date_gmt":"2015-07-02T13:44:51","guid":{"rendered":"http:\/\/test.hotel-oster.de\/en\/?page_id=2083"},"modified":"2015-07-02T15:44:51","modified_gmt":"2015-07-02T13:44:51","slug":"arrangements","status":"publish","type":"page","link":"https:\/\/www.hotel-oster.de\/en\/arrangements\/","title":{"rendered":"Arrangements"},"content":{"rendered":"<p>Ihr Urlaubshotel, mit herrlichem Blick auf die Mosel bietet Ihnen ein umfangreiches Aktionsprogramm. Gleichzeitig finden sie auch Stille und Erholung. Ganz wie Sie es w\u00fcnschen.<\/p>\n<p>Jede Jahreszeit hat bei uns an der Mosel ihren besonderen Reiz. Ob zur Weinbl\u00fcte im Fr\u00fchjahr, zum goldenen Herbst oder zur ruhigen Winterzeit.<\/p>\n<p>Schauen Sie sich doch einmal unsere g\u00fcnstigen Pauschalangebote an.<\/p>\n<p>Mit Sicherheit ist auch f\u00fcr Sie etwas dabei. Es w\u00fcrde uns freuen, Sie bald als Gast in unserem Hause begr\u00fc\u00dfen zu k\u00f6nnen.<\/p>\n","protected":false},"excerpt":{"rendered":"<p>Ihr Urlaubshotel, mit herrlichem Blick auf die Mosel bietet Ihnen ein umfangreiches Aktionsprogramm. Gleichzeitig finden sie auch Stille und Erholung. Ganz wie Sie es w\u00fcnschen. Jede Jahreszeit hat bei uns an der Mosel ihren besonderen Reiz. Ob zur Weinbl\u00fcte im Fr\u00fchjahr, zum goldenen Herbst oder zur ruhigen Winterzeit. Schauen Sie sich doch einmal unsere g\u00fcnstigen&#8230;<\/p>\n","protected":false},"author":4,"featured_media":0,"parent":0,"menu_order":3,"comment_status":"closed","ping_status":"closed","template":"","meta":{"footnotes":""},"class_list":["post-2083","page","type-page","status-publish","hentry"],"_links":{"self":[{"href":"https:\/\/www.hotel-oster.de\/en\/wp-json\/wp\/v2\/pages\/2083","targetHints":{"allow":["GET"]}}],"collection":[{"href":"https:\/\/www.hotel-oster.de\/en\/wp-json\/wp\/v2\/pages"}],"about":[{"href":"https:\/\/www.hotel-oster.de\/en\/wp-json\/wp\/v2\/types\/page"}],"author":[{"embeddable":true,"href":"https:\/\/www.hotel-oster.de\/en\/wp-json\/wp\/v2\/users\/4"}],"replies":[{"embeddable":true,"href":"https:\/\/www.hotel-oster.de\/en\/wp-json\/wp\/v2\/comments?post=2083"}],"version-history":[{"count":1,"href":"https:\/\/www.hotel-oster.de\/en\/wp-json\/wp\/v2\/pages\/2083\/revisions"}],"predecessor-version":[{"id":2084,"href":"https:\/\/www.hotel-oster.de\/en\/wp-json\/wp\/v2\/pages\/2083\/revisions\/2084"}],"wp:attachment":[{"href":"https:\/\/www.hotel-oster.de\/en\/wp-json\/wp\/v2\/media?parent=2083"}],"curies":[{"name":"wp","href":"https:\/\/api.w.org\/{rel}","templated":true}]}}